{"id":3,"date":"2023-03-17T16:00:37","date_gmt":"2023-03-17T16:00:37","guid":{"rendered":"https:\/\/indigenoustourismamericas.org\/?page_id=3"},"modified":"2023-04-30T12:19:15","modified_gmt":"2023-04-30T12:19:15","slug":"politica-de-privacidad","status":"publish","type":"page","link":"https:\/\/indigenoustourismamericas.org\/es\/privacy-policy\/","title":{"rendered":"Pol\u00edtica de privacidad"},"content":{"rendered":"<div data-elementor-type=\"wp-page\" data-elementor-id=\"3\" class=\"elementor elementor-3\" data-elementor-post-type=\"page\">\n\t\t\t\t\t\t<section class=\"elementor-section elementor-top-section elementor-element elementor-element-218a1e8 elementor-section-boxed elementor-section-height-default elementor-section-height-default\" data-id=\"218a1e8\" data-element_type=\"section\" data-e-type=\"section\">\n\t\t\t\t\t\t<div class=\"elementor-container elementor-column-gap-default\">\n\t\t\t\t\t<div class=\"elementor-column elementor-col-100 elementor-top-column elementor-element elementor-element-6f83f44\" data-id=\"6f83f44\" data-element_type=\"column\" data-e-type=\"column\">\n\t\t\t<div class=\"elementor-widget-wrap elementor-element-populated\">\n\t\t\t\t\t\t<div class=\"elementor-element elementor-element-669c238 elementor-widget elementor-widget-heading\" data-id=\"669c238\" data-element_type=\"widget\" data-e-type=\"widget\" data-widget_type=\"heading.default\">\n\t\t\t\t<div class=\"elementor-widget-container\">\n\t\t\t\t\t<h2 class=\"elementor-heading-title elementor-size-default\">Pol\u00edtica de privacidad<\/h2>\t\t\t\t<\/div>\n\t\t\t\t<\/div>\n\t\t\t\t\t<\/div>\n\t\t<\/div>\n\t\t\t\t\t<\/div>\n\t\t<\/section>\n\t\t\t\t<section class=\"elementor-section elementor-top-section elementor-element elementor-element-19cb9647 elementor-section-boxed elementor-section-height-default elementor-section-height-default\" data-id=\"19cb9647\" data-element_type=\"section\" data-e-type=\"section\">\n\t\t\t\t\t\t<div class=\"elementor-container elementor-column-gap-default\">\n\t\t\t\t\t<div class=\"elementor-column elementor-col-100 elementor-top-column elementor-element elementor-element-34ec3c83\" data-id=\"34ec3c83\" data-element_type=\"column\" data-e-type=\"column\">\n\t\t\t<div class=\"elementor-widget-wrap elementor-element-populated\">\n\t\t\t\t\t\t<div class=\"elementor-element elementor-element-55b2ea96 elementor-widget elementor-widget-text-editor\" data-id=\"55b2ea96\" data-element_type=\"widget\" data-e-type=\"widget\" data-widget_type=\"text-editor.default\">\n\t\t\t\t<div class=\"elementor-widget-container\">\n\t\t\t\t\t\t\t\t\t<p>ITCA y Seleni Matus se comprometen a respetar la privacidad de su informaci\u00f3n y le aseguran que su informaci\u00f3n no ser\u00e1 compartida con terceros. Nuestra pol\u00edtica est\u00e1 dise\u00f1ada para dejar claro c\u00f3mo se utilizar\u00e1 su informaci\u00f3n y que los fines se limitar\u00e1n a los relacionados con nuestro negocio.<\/p><h3><strong>C\u00f3mo utilizamos su informaci\u00f3n <\/strong><\/h3><ul><li>Para procesar su solicitud, por ejemplo, para convertirse en Participante de la ITCA o para unirse al Portal de Turismo Ind\u00edgena.<\/li><li>Cumplir las obligaciones derivadas de los contratos suscritos entre usted y nosotros y proporcionarle la informaci\u00f3n y los servicios que nos solicite.<\/li><li>Para suscribirle a un bolet\u00edn o publicaci\u00f3n de la ITCA.<\/li><li>Para procesar cualquier donaci\u00f3n que realice.<\/li><li>Establecer contactos con otros participantes.<\/li><li>Para comunicarnos con usted sobre reuniones, conferencias o eventos.<\/li><li>Para inscribirle en un evento.<\/li><li>Para proporcionarle informaci\u00f3n espec\u00edfica, apoyo u otros servicios solicitados.<\/li><li>Ayudarle a participar en las actividades de la ITCA.<\/li><li>Para obtener sus comentarios o aportaciones.<\/li><li>Para realizar encuestas sobre su opini\u00f3n acerca de los servicios actuales o de posibles nuevos servicios que puedan ofrecerse.<\/li><li>Para cualquier otro inter\u00e9s comercial leg\u00edtimo o interacciones que pueda tener con ITCA.<\/li><\/ul><p>\u00a0<\/p><h3><strong>C\u00f3mo se gestiona la informaci\u00f3n <\/strong><\/h3><ul><li>Utilizamos la informaci\u00f3n que nos facilita \u00fanicamente para los fines descritos anteriormente.<\/li><li>Hemos puesto en marcha medidas para proteger su informaci\u00f3n y mantenerla segura.<\/li><li>No vendemos, alquilamos ni cedemos su informaci\u00f3n. El uso de la informaci\u00f3n se limita a los fines internos de ITCA.<\/li><li>Respetamos sus derechos de protecci\u00f3n de datos y nuestro objetivo es darle el control sobre su propia informaci\u00f3n.<\/li><\/ul><p>\u00a0<\/p><h3><strong>Qu\u00e9 tipo de informaci\u00f3n recopilamos <\/strong><\/h3><ul><li>Informaci\u00f3n de contacto: nombre, organizaci\u00f3n, direcci\u00f3n, n\u00famero de tel\u00e9fono y correo electr\u00f3nico.<\/li><li>Informaci\u00f3n de pago; informaci\u00f3n de facturaci\u00f3n.<\/li><li>Otra informaci\u00f3n; preguntas, comentarios y sugerencias.<\/li><\/ul><p>\u00a0<\/p><h3><strong>Nuestra pol\u00edtica de cookies <\/strong><\/h3><p>Podemos utilizar \"Cookies\" y tecnolog\u00edas similares para obtener informaci\u00f3n sobre sus visitas a nuestro sitio web o sus respuestas a nuestras comunicaciones por correo electr\u00f3nico. Podemos utilizar \"Cookies\" para rastrear el tr\u00e1fico de usuarios o autenticar a nuestros usuarios en nuestro sitio web. Si lo desea, puede rechazar las cookies desactiv\u00e1ndolas en su navegador. Es posible que algunas funciones de nuestro sitio web y servicios adicionales no funcionen correctamente si las cookies est\u00e1n desactivadas.<\/p><h3><strong>Eliminar su nombre de nuestra lista de correo<\/strong><\/h3><p>Es nuestro deseo no enviar correo no deseado a los suscriptores. P\u00f3ngase en contacto con nosotros si desea darse de baja de nuestra lista de correo.<\/p><h3><strong>Contacto <\/strong><\/h3><p>Si tiene alg\u00fan comentario o pregunta sobre nuestra pol\u00edtica de privacidad de donantes, comun\u00edquenoslo en info@indigenoustourismamericas.org o ll\u00e1menos al +1-202-994-8197.<\/p>\t\t\t\t\t\t\t\t<\/div>\n\t\t\t\t<\/div>\n\t\t\t\t\t<\/div>\n\t\t<\/div>\n\t\t\t\t\t<\/div>\n\t\t<\/section>\n\t\t\t\t<\/div>","protected":false},"excerpt":{"rendered":"<p>Privacy Policy ITCA and Seleni Matus are committed to respecting the privacy of your information and assure you that your information will not be shared with any third party. Our policy is designed to be clear on how your information will be used and that the purposes will be limited to those that are related [&hellip;]<\/p>\n","protected":false},"author":38,"featured_media":0,"parent":0,"menu_order":0,"comment_status":"closed","ping_status":"closed","template":"","meta":{"footnotes":""},"class_list":["post-3","page","type-page","status-publish","hentry"],"_links":{"self":[{"href":"https:\/\/indigenoustourismamericas.org\/es\/wp-json\/wp\/v2\/pages\/3","targetHints":{"allow":["GET"]}}],"collection":[{"href":"https:\/\/indigenoustourismamericas.org\/es\/wp-json\/wp\/v2\/pages"}],"about":[{"href":"https:\/\/indigenoustourismamericas.org\/es\/wp-json\/wp\/v2\/types\/page"}],"author":[{"embeddable":true,"href":"https:\/\/indigenoustourismamericas.org\/es\/wp-json\/wp\/v2\/users\/38"}],"replies":[{"embeddable":true,"href":"https:\/\/indigenoustourismamericas.org\/es\/wp-json\/wp\/v2\/comments?post=3"}],"version-history":[{"count":19,"href":"https:\/\/indigenoustourismamericas.org\/es\/wp-json\/wp\/v2\/pages\/3\/revisions"}],"predecessor-version":[{"id":1630,"href":"https:\/\/indigenoustourismamericas.org\/es\/wp-json\/wp\/v2\/pages\/3\/revisions\/1630"}],"wp:attachment":[{"href":"https:\/\/indigenoustourismamericas.org\/es\/wp-json\/wp\/v2\/media?parent=3"}],"curies":[{"name":"wp","href":"https:\/\/api.w.org\/{rel}","templated":true}]}}