{"id":591,"date":"2023-04-19T10:45:48","date_gmt":"2023-04-19T10:45:48","guid":{"rendered":"https:\/\/indigenoustourismamericas.org\/?page_id=591"},"modified":"2023-04-30T11:53:37","modified_gmt":"2023-04-30T11:53:37","slug":"imprimir","status":"publish","type":"page","link":"https:\/\/indigenoustourismamericas.org\/es\/imprint\/","title":{"rendered":"Pie de imprenta"},"content":{"rendered":"<div data-elementor-type=\"wp-page\" data-elementor-id=\"591\" class=\"elementor elementor-591\" data-elementor-post-type=\"page\">\n\t\t\t\t\t\t<section class=\"elementor-section elementor-top-section elementor-element elementor-element-e122f35 elementor-section-boxed elementor-section-height-default elementor-section-height-default\" data-id=\"e122f35\" data-element_type=\"section\" data-e-type=\"section\">\n\t\t\t\t\t\t<div class=\"elementor-container elementor-column-gap-default\">\n\t\t\t\t\t<div class=\"elementor-column elementor-col-100 elementor-top-column elementor-element elementor-element-dc11de8\" data-id=\"dc11de8\" data-element_type=\"column\" data-e-type=\"column\">\n\t\t\t<div class=\"elementor-widget-wrap elementor-element-populated\">\n\t\t\t\t\t\t<div class=\"elementor-element elementor-element-6eccc11 elementor-widget elementor-widget-heading\" data-id=\"6eccc11\" data-element_type=\"widget\" data-e-type=\"widget\" data-widget_type=\"heading.default\">\n\t\t\t\t<div class=\"elementor-widget-container\">\n\t\t\t\t\t<h2 class=\"elementor-heading-title elementor-size-default\">Pie de imprenta<\/h2>\t\t\t\t<\/div>\n\t\t\t\t<\/div>\n\t\t\t\t\t<\/div>\n\t\t<\/div>\n\t\t\t\t\t<\/div>\n\t\t<\/section>\n\t\t\t\t<section class=\"elementor-section elementor-top-section elementor-element elementor-element-97cd9e6 elementor-section-boxed elementor-section-height-default elementor-section-height-default\" data-id=\"97cd9e6\" data-element_type=\"section\" data-e-type=\"section\">\n\t\t\t\t\t\t<div class=\"elementor-container elementor-column-gap-default\">\n\t\t\t\t\t<div class=\"elementor-column elementor-col-100 elementor-top-column elementor-element elementor-element-c999d67\" data-id=\"c999d67\" data-element_type=\"column\" data-e-type=\"column\">\n\t\t\t<div class=\"elementor-widget-wrap elementor-element-populated\">\n\t\t\t\t\t\t<div class=\"elementor-element elementor-element-e0266d4 elementor-widget elementor-widget-text-editor\" data-id=\"e0266d4\" data-element_type=\"widget\" data-e-type=\"widget\" data-widget_type=\"text-editor.default\">\n\t\t\t\t<div class=\"elementor-widget-container\">\n\t\t\t\t\t\t\t\t\t<p>Direcci\u00f3n:\u00a0<\/p><p dir=\"ltr\" style=\"line-height: 1.38; margin-top: 0pt; margin-bottom: 0pt;\"><span style=\"color: var( --e-global-color-text ); font-family: var( --e-global-typography-text-font-family ), Sans-serif; font-size: var( --e-global-typography-text-font-size ); font-weight: var( --e-global-typography-text-font-weight );\">Tel\u00e9fono:<\/span><span style=\"font-weight: 400;\">+1-202-994-8197<\/span><\/p><p><span id=\"docs-internal-guid-a8257f1c-7fff-477b-0f99-b960ce98781e\"><\/span>Miembro del Comit\u00e9 Directivo y Coordinador:<span style=\"font-weight: 400;\"> Seleni Matus<\/span><\/p><p><b>Concepci\u00f3n, dise\u00f1o y realizaci\u00f3n t\u00e9cnica:<\/b><\/p><p>travel bridge GmbH<br \/>Am Bueschelchen 12<br \/>34596 Bad Zwesten<br \/>info@travel-bridge.com<\/p><p><b>Persona responsable del contenido y las im\u00e1genes de este sitio web:<\/b><\/p><p>Carol Goodstein<br \/>Directora, Carol Goodstein Communications<br \/>carol@cgoodscomm.com<\/p><p><span style=\"font-weight: 400;\">No asumimos responsabilidad alguna por el texto o el contenido de los sitios web enlazados en esta p\u00e1gina.<\/span><\/p><p><b>Aviso de derechos de autor:<\/b><\/p><p><span style=\"font-weight: 400;\">Todos los textos e im\u00e1genes utilizados est\u00e1n protegidos por derechos de autor. Todos los textos est\u00e1n destinados \u00fanicamente a la <\/span><span style=\"font-weight: 400;\">uso personal del usuario y sus empleados. A terceros sobre el contenido de este sitio es <\/span><span style=\"font-weight: 400;\">prohibida. La reimpresi\u00f3n, la reproducci\u00f3n fotomec\u00e1nica, electr\u00f3nica o de otro tipo, la edici\u00f3n, la traducci\u00f3n, la microfilmaci\u00f3n y el almacenamiento, la puesta a disposici\u00f3n del p\u00fablico, la integraci\u00f3n en bases de datos u otros medios y sistemas electr\u00f3nicos -incluso en partes- s\u00f3lo est\u00e1n permitidos previo consentimiento del operador de la p\u00e1gina web.<\/span><\/p><p><b>Descargo de responsabilidad:<\/b><\/p><p><span style=\"font-weight: 400;\">Seg\u00fan nuestro leal saber y entender, el contenido de los textos ha sido redactado. Ninguna responsabilidad o <\/span><span style=\"font-weight: 400;\">se asume la responsabilidad de la exactitud, actualidad, integridad y calidad de la <\/span><span style=\"font-weight: 400;\">contenido.<\/span><\/p>\t\t\t\t\t\t\t\t<\/div>\n\t\t\t\t<\/div>\n\t\t\t\t\t<\/div>\n\t\t<\/div>\n\t\t\t\t\t<\/div>\n\t\t<\/section>\n\t\t\t\t<\/div>","protected":false},"excerpt":{"rendered":"<p>Imprint Address:\u00a0 Phone:+1-202-994-8197 Steering Committee Member and Coordinator: Seleni Matus Conception, design and technical realization: travel bridge GmbHAm Bueschelchen 1234596 Bad Zwesteninfo@travel-bridge.com Person responsible for the content and pictures of this website: Carol GoodsteinPrincipal, Carol Goodstein Communicationscarol@cgoodscomm.com We accept no responsibility for the text or content of websites that have been linked on this homepage. [&hellip;]<\/p>\n","protected":false},"author":38,"featured_media":0,"parent":0,"menu_order":0,"comment_status":"closed","ping_status":"closed","template":"","meta":{"footnotes":""},"class_list":["post-591","page","type-page","status-publish","hentry"],"_links":{"self":[{"href":"https:\/\/indigenoustourismamericas.org\/es\/wp-json\/wp\/v2\/pages\/591","targetHints":{"allow":["GET"]}}],"collection":[{"href":"https:\/\/indigenoustourismamericas.org\/es\/wp-json\/wp\/v2\/pages"}],"about":[{"href":"https:\/\/indigenoustourismamericas.org\/es\/wp-json\/wp\/v2\/types\/page"}],"author":[{"embeddable":true,"href":"https:\/\/indigenoustourismamericas.org\/es\/wp-json\/wp\/v2\/users\/38"}],"replies":[{"embeddable":true,"href":"https:\/\/indigenoustourismamericas.org\/es\/wp-json\/wp\/v2\/comments?post=591"}],"version-history":[{"count":26,"href":"https:\/\/indigenoustourismamericas.org\/es\/wp-json\/wp\/v2\/pages\/591\/revisions"}],"predecessor-version":[{"id":1632,"href":"https:\/\/indigenoustourismamericas.org\/es\/wp-json\/wp\/v2\/pages\/591\/revisions\/1632"}],"wp:attachment":[{"href":"https:\/\/indigenoustourismamericas.org\/es\/wp-json\/wp\/v2\/media?parent=591"}],"curies":[{"name":"wp","href":"https:\/\/api.w.org\/{rel}","templated":true}]}}