{"id":934,"date":"2023-04-21T10:04:04","date_gmt":"2023-04-21T10:04:04","guid":{"rendered":"https:\/\/indigenoustourismamericas.org\/?page_id=934"},"modified":"2023-05-01T23:47:50","modified_gmt":"2023-05-01T23:47:50","slug":"condiciones-generales","status":"publish","type":"page","link":"https:\/\/indigenoustourismamericas.org\/es\/terms-and-conditions\/","title":{"rendered":"Condiciones generales"},"content":{"rendered":"<div data-elementor-type=\"wp-page\" data-elementor-id=\"934\" class=\"elementor elementor-934\" data-elementor-post-type=\"page\">\n\t\t\t\t\t\t<section class=\"elementor-section elementor-top-section elementor-element elementor-element-753011a elementor-section-boxed elementor-section-height-default elementor-section-height-default\" data-id=\"753011a\" data-element_type=\"section\" data-e-type=\"section\">\n\t\t\t\t\t\t<div class=\"elementor-container elementor-column-gap-default\">\n\t\t\t\t\t<div class=\"elementor-column elementor-col-100 elementor-top-column elementor-element elementor-element-4565215\" data-id=\"4565215\" data-element_type=\"column\" data-e-type=\"column\">\n\t\t\t<div class=\"elementor-widget-wrap elementor-element-populated\">\n\t\t\t\t\t\t<div class=\"elementor-element elementor-element-28fd72f elementor-widget elementor-widget-heading\" data-id=\"28fd72f\" data-element_type=\"widget\" data-e-type=\"widget\" data-widget_type=\"heading.default\">\n\t\t\t\t<div class=\"elementor-widget-container\">\n\t\t\t\t\t<h2 class=\"elementor-heading-title elementor-size-default\">CONDICIONES GENERALES<\/h2>\t\t\t\t<\/div>\n\t\t\t\t<\/div>\n\t\t\t\t\t<\/div>\n\t\t<\/div>\n\t\t\t\t\t<\/div>\n\t\t<\/section>\n\t\t\t\t<section class=\"elementor-section elementor-top-section elementor-element elementor-element-bbaecab elementor-section-boxed elementor-section-height-default elementor-section-height-default\" data-id=\"bbaecab\" data-element_type=\"section\" data-e-type=\"section\">\n\t\t\t\t\t\t<div class=\"elementor-container elementor-column-gap-default\">\n\t\t\t\t\t<div class=\"elementor-column elementor-col-100 elementor-top-column elementor-element elementor-element-32830f5e\" data-id=\"32830f5e\" data-element_type=\"column\" data-e-type=\"column\">\n\t\t\t<div class=\"elementor-widget-wrap elementor-element-populated\">\n\t\t\t\t\t\t<div class=\"elementor-element elementor-element-776423bd elementor-widget elementor-widget-text-editor\" data-id=\"776423bd\" data-element_type=\"widget\" data-e-type=\"widget\" data-widget_type=\"text-editor.default\">\n\t\t\t\t<div class=\"elementor-widget-container\">\n\t\t\t\t\t\t\t\t\t<p><\/p>\n<p><span style=\"font-weight: 400;\">Este sitio web de la ITCA (el \"Sitio Web\"), incluido el Portal de Turismo Ind\u00edgena (\"PTI\"), es propiedad de la ITCA (en adelante, \"Nosotros\"). <\/span><span style=\"font-weight: 400;\">Los T\u00e9rminos y Condiciones de este sitio web pueden ser modificados peri\u00f3dicamente y ser\u00e1n <\/span><span style=\"font-weight: 400;\">actualizado en esta p\u00e1gina.<\/span><\/p>\n<h2 class=\"wp-block-heading\">Modificaciones de las presentes condiciones<\/h2>\n<p><span style=\"font-weight: 400;\">ITCA podr\u00e1 actualizar estas Condiciones Generales de vez en cuando, en cualquier momento y sin previo aviso a <\/span><span style=\"font-weight: 400;\">usted, publicando dichos cambios en el Sitio Web. Le recomendamos que revise peri\u00f3dicamente estos <\/span><span style=\"font-weight: 400;\">T\u00e9rminos y Condiciones para estar informado de c\u00f3mo protegemos su informaci\u00f3n. Su continuidad <\/span><span style=\"font-weight: 400;\">El uso de este Sitio Web tras la publicaci\u00f3n de cambios en esta Pol\u00edtica significar\u00e1 que usted acepta dichos cambios. <\/span><span style=\"font-weight: 400;\">Los T\u00e9rminos y Condiciones se aplican a todas las personas que accedan al Sitio Web (en lo sucesivo denominado <\/span><span style=\"font-weight: 400;\">\"Usuario\" o \"Usuarios\" o \"usted\").<\/span><\/p>\n<p><\/p>\n<h2 class=\"wp-block-heading\">Derechos de autor y uso de materiales<\/h2>\n<p><\/p>\n<p><span style=\"font-weight: 400;\">El contenido general de este sitio web es propiedad del ITCA.  Los recursos que aparecen en la p\u00e1gina de ITCA e ITP son de c\u00f3digo abierto, han sido incluidos por el propietario de la herramienta o proporcionan el cr\u00e9dito adecuado a la fuente de la herramienta. <\/span><span style=\"font-weight: 400;\">Usted se compromete a no alterar ni eliminar ning\u00fan s\u00edmbolo de copyright u otra identificaci\u00f3n relativa a <\/span><span style=\"font-weight: 400;\">autor\u00eda del material contenido en este sitio web o puesto a su disposici\u00f3n a trav\u00e9s del mismo. <\/span><span style=\"font-weight: 400;\">sitio web.<\/span><\/p>\n<p><\/p>\n<h2 class=\"wp-block-heading\">Im\u00e1genes<\/h2>\n<p><\/p>\n<p><span style=\"font-weight: 400;\">Las im\u00e1genes no pueden reproducirse de ninguna forma sin el permiso expl\u00edcito por escrito de la ITCA.\u00a0<\/span><\/p>\n<h2>Contenido textual<\/h2>\n<p><\/p>\n<p><span style=\"font-weight: 400;\">Los Contenidos Textuales pueden reproducirse para cualquier fin no comercial siempre que se indique lo siguiente <\/span><span style=\"font-weight: 400;\">atribuci\u00f3n al autor y a la fuente original.<\/span><\/p>\n<p><\/p>\n<h2 class=\"wp-block-heading\">V\u00eddeos<\/h2>\n<p><\/p>\n<p><span style=\"font-weight: 400;\">Los v\u00eddeos pueden compartirse a trav\u00e9s del enlace de Youtube. Sin embargo, los v\u00eddeos no pueden reproducirse de ninguna otra forma sin el permiso expl\u00edcito por escrito de la ITCA.<\/span><\/p>\n<p><\/p>\n<h2 class=\"wp-block-heading\">Derechos de autor de terceros<\/h2>\n<p><\/p>\n<p><span style=\"font-weight: 400;\">En la medida en que los derechos de autor subsistan en un tercero, seguir\u00e1n perteneciendo al propietario original y por escrito. <\/span><span style=\"font-weight: 400;\">se requerir\u00e1 permiso para reutilizar el material.<\/span><\/p>\n<h2>Espacios interactivos y material para el usuario<\/h2>\n<p><\/p>\n<p><span style=\"font-weight: 400;\">Este sitio web puede incluir blogs, contenidos generados por los usuarios u otras \u00e1reas o servicios interactivos. <\/span><span style=\"font-weight: 400;\">(\"\u00c1reas interactivas\"), en las que usted u otros Usuarios crean, publican o almacenan cualquier contenido \"Usuario <\/span><span style=\"font-weight: 400;\">Materiales\". Usted es el \u00fanico responsable del uso que haga de dichas \u00c1reas interactivas y las utiliza por su cuenta y riesgo. Al utilizar cualquiera de las \u00c1reas interactivas, usted se compromete a no publicar, cargar, transmitir, distribuir, almacenar, crear o publicar de cualquier otro modo a trav\u00e9s del Sitio web nada de lo siguiente:<\/span><\/p>\n<ul>\n<li style=\"font-weight: 400;\" aria-level=\"1\"><span style=\"font-weight: 400;\">Materiales del usuario que sean ilegales, calumniosos, difamatorios, obscenos, pornogr\u00e1ficos, indecentes, lascivos, sugerentes, acosadores, amenazadores, invasivos de la intimidad o de los derechos de publicidad, abusivos, fraudulentos o censurables por cualquier otro motivo;<\/span><\/li>\n<li style=\"font-weight: 400;\" aria-level=\"1\"><span style=\"font-weight: 400;\">Materiales del usuario que constituyan, fomenten o proporcionen instrucciones para cometer un delito, violen los derechos de cualquier parte o generen responsabilidad o violen cualquier ley local, estatal, nacional o internacional;<\/span><\/li>\n<li style=\"font-weight: 400;\" aria-level=\"1\"><span style=\"font-weight: 400;\">Materiales del usuario que puedan infringir cualquier patente, marca comercial, secreto comercial, derecho de autor u otro derecho intelectual o de propiedad de cualquier parte;<\/span><\/li>\n<li style=\"font-weight: 400;\" aria-level=\"1\"><span style=\"font-weight: 400;\">Materiales de usuario que suplanten la identidad de cualquier persona o entidad o falseen de cualquier otro modo su afiliaci\u00f3n con una persona o entidad; promociones, publicidad o solicitudes; virus, datos corruptos u otros archivos da\u00f1inos, perturbadores o destructivos; y<\/span><\/li>\n<li style=\"font-weight: 400;\" aria-level=\"1\"><span style=\"font-weight: 400;\">Materiales del Usuario que, a juicio exclusivo de ITCA, sean censurables o que restrinjan o impidan a cualquier otra persona utilizar o disfrutar de las \u00c1reas Interactivas o del Sitio Web, o que puedan exponer a ITCA o a sus Usuarios a cualquier da\u00f1o o responsabilidad de cualquier tipo.<\/span><\/li>\n<\/ul>\n<p>\u00a0<\/p>\n<p>No nos hacemos responsables de ninguna declaraci\u00f3n, manifestaci\u00f3n o Material de Usuario en cualquier \u00c1rea Interactiva. Aunque no tenemos ninguna obligaci\u00f3n de examinar, editar o supervisar ninguno de los Materiales de Usuario publicados en cualquier \u00c1rea Interactiva, nos reservamos el derecho, y tenemos absoluta discreci\u00f3n, de eliminar, examinar o editar cualquier Material de Usuario publicado o almacenado en el Sitio Web en cualquier momento y por cualquier motivo sin previo aviso.<\/p>\n<p><span style=\"font-weight: 400;\">Cualquier uso de las \u00c1reas Interactivas u otras partes del Sitio Web que infrinja lo anterior <\/span><span style=\"font-weight: 400;\">infringe estas Condiciones y puede dar lugar, entre otras cosas, a la rescisi\u00f3n o suspensi\u00f3n de su <\/span><span style=\"font-weight: 400;\">derechos de uso de las \u00c1reas interactivas y\/o del Sitio web.<\/span><\/p>\n<p><span style=\"font-weight: 400;\">No reclamamos la propiedad de los Materiales del Usuario. A menos que indiquemos lo contrario, usted otorga a ITCA un <\/span><span style=\"font-weight: 400;\">derecho de uso no exclusivo, mundial, exento de c\u00e1nones, perpetuo, irrevocable y sublicenciable, <\/span><span style=\"font-weight: 400;\">reproducir, modificar, adaptar, publicar, traducir, crear obras derivadas, distribuir, ejecutar y mostrar dichos Materiales del Usuario en el Sitio Web o en relaci\u00f3n con el mismo. Al publicar o enviar Materiales de Usuario a cualquier \u00c1rea Interactiva u otras partes del Sitio Web, usted concede a ITCA el derecho a utilizar el nombre que usted env\u00ede en relaci\u00f3n con dichos Materiales de Usuario.<\/span><\/p>\n<p><span style=\"font-weight: 400;\">Usted declara y garantiza que:<\/span><\/p>\n<ul>\n<li style=\"font-weight: 400;\" aria-level=\"1\"><span style=\"font-weight: 400;\">usted posee y controla todos los derechos sobre los Materiales del Usuario que publica o tiene derecho de cualquier otro modo a publicar dichos Materiales del Usuario en el Sitio Web;<\/span><\/li>\n<li style=\"font-weight: 400;\" aria-level=\"1\"><span style=\"font-weight: 400;\">los Materiales del Usuario son de c\u00f3digo abierto o usted ha dado el debido cr\u00e9dito a los autores y propietarios de las herramientas;<\/span><\/li>\n<li style=\"font-weight: 400;\" aria-level=\"1\"><span style=\"font-weight: 400;\">los Materiales del Usuario son exactos y no enga\u00f1osos; y<\/span><\/li>\n<li style=\"font-weight: 400;\" aria-level=\"1\"><span style=\"font-weight: 400;\">el uso y la publicaci\u00f3n de los Materiales del Usuario que usted proporcione no infringen las Condiciones y no violar\u00e1n ning\u00fan derecho ni causar\u00e1n perjuicio a ninguna persona o entidad.<\/span><\/li>\n<\/ul>\n<h2>Pol\u00edtica de privacidad<\/h2>\n<p><span style=\"font-weight: 400;\">La pol\u00edtica de privacidad aplicable est\u00e1 disponible en <\/span><a href=\"https:\/\/indigenoustourismamericas.org\/es\/politica-de-privacidad\/\"><span style=\"font-weight: 400;\">aqu\u00ed<\/span><\/a><\/p>\n<h2>Menores<\/h2>\n<p><span style=\"font-weight: 400;\">Si es menor de 18 a\u00f1os, aseg\u00farese de obtener el permiso de sus padres o tutores antes de acceder a la web. <\/span><span style=\"font-weight: 400;\">el sitio web. Animamos a los padres a implicarse en el uso que hacen sus hijos de Internet y a estar al tanto de las actividades en las que participan.<\/span><\/p>\n<h2>Formularios<\/h2>\n<p><span style=\"font-weight: 400;\">Si utiliza formularios del sitio web para proporcionar informaci\u00f3n, registrar su inter\u00e9s o comprar publicaciones, la informaci\u00f3n que proporcione no se utilizar\u00e1 para fines distintos de aquellos para los que se proporcion\u00f3.<\/span><\/p>\n<h2>Comentarios de los usuarios<\/h2>\n<p><span style=\"font-weight: 400;\">Buscamos la opini\u00f3n de nuestros Usuarios para mejorar el servicio ofrecido por el Sitio Web. <\/span><span style=\"font-weight: 400;\">Sin embargo, usted se compromete a no utilizar el Sitio Web para transmitir ning\u00fan material que sea ilegal, perjudicial, <\/span><span style=\"font-weight: 400;\">difamatorio, abusivo, amenazador, vulgar u obsceno.\u00a0<\/span><\/p>\n<p><span style=\"font-weight: 400;\">Registramos los comentarios en una base de datos. La informaci\u00f3n recibida solo se utilizar\u00e1 para el fin para el que se solicit\u00f3 y no se distribuir\u00e1 ni divulgar\u00e1 sin su consentimiento.<\/span><\/p>\n<h2>Descargo de responsabilidad<\/h2>\n<p><span style=\"font-weight: 400;\">Este sitio web proporciona informaci\u00f3n gratuita en beneficio del p\u00fablico. Supervisamos la <\/span><span style=\"font-weight: 400;\">la calidad de la informaci\u00f3n disponible en el sitio web y actualizarla peri\u00f3dicamente.<\/span><\/p>\n<p><span style=\"font-weight: 400;\">No garantizamos ni aceptamos responsabilidad alguna derivada o relacionada con la <\/span><span style=\"font-weight: 400;\">exactitud, fiabilidad, actualidad o integridad de cualquier material incluido en el Sitio Web o en cualquier <\/span><span style=\"font-weight: 400;\">sitios externos enlazados.<\/span><\/p>\n<p><span style=\"font-weight: 400;\">Recomendamos a los Usuarios que act\u00faen con la debida diligencia y cuidado en relaci\u00f3n con el uso que hagan de la <\/span><span style=\"font-weight: 400;\">Sitio Web y que los Usuarios eval\u00faen cuidadosamente la exactitud, actualidad, integridad y pertinencia del material del Sitio Web para sus fines.<\/span><\/p>\n<p><span style=\"font-weight: 400;\">El material del Sitio Web puede incluir opiniones o recomendaciones de terceros que no reflejan necesariamente las opiniones de la ITCA ni indican su compromiso con una determinada l\u00ednea de actuaci\u00f3n.<\/span><\/p>\n<h2>Indemnizaci\u00f3n<\/h2>\n<p><span style=\"font-weight: 400;\">Usted acepta defender, indemnizar y mantener indemne a ITCA frente a cualquier reclamaci\u00f3n, p\u00e9rdida, <\/span><span style=\"font-weight: 400;\">responsabilidades y\/o da\u00f1os causados o sufridos por terceros derivados o relacionados con su <\/span><span style=\"font-weight: 400;\">su conducta, su uso o imposibilidad de uso del Sitio Web, su incumplimiento o presunto incumplimiento de estas Condiciones <\/span><span style=\"font-weight: 400;\">y Condiciones, o su violaci\u00f3n de cualquier otro derecho.<\/span><\/p>\n<h2>Ley aplicable y litigios<\/h2>\n<p><span style=\"font-weight: 400;\">Cualquier disputa, controversia o reclamaci\u00f3n que surja en virtud o de conformidad con estos T\u00e9rminos y Condiciones deber\u00e1 <\/span><span style=\"font-weight: 400;\">resolverse de mutuo acuerdo entre ITCA y el Usuario.<\/span><\/p>\n<p><span style=\"font-weight: 400;\">Si ITCA y el Usuario no consiguen llegar a un acuerdo amistoso, la disputa, controversia o reclamaci\u00f3n <\/span><span style=\"font-weight: 400;\">se someter\u00e1n a los tribunales competentes de Washington, DC, USA. La legislaci\u00f3n aplicable ser\u00e1 la estadounidense.<\/span><\/p>\n<h2>Informaci\u00f3n de contacto<\/h2>\n<p><span style=\"font-weight: 400;\">Si tiene alguna pregunta sobre cualquiera de estas Condiciones, p\u00f3ngase en contacto con nosotros en <\/span><span style=\"font-weight: 400;\">info@indigenoustourismamericas.org<\/span><\/p>\n<p><\/p>\n<p><\/p>\t\t\t\t\t\t\t\t<\/div>\n\t\t\t\t<\/div>\n\t\t\t\t\t<\/div>\n\t\t<\/div>\n\t\t\t\t\t<\/div>\n\t\t<\/section>\n\t\t\t\t<\/div>","protected":false},"excerpt":{"rendered":"<p>TERMS AND CONDITIONS This ITCA website (the \u201cWebsite\u201d), including the Indigenous Tourism Portal (\u201c ITP\u201d) is owned by ITCA (hereafter referred to as \u201cWe\u201d). The Terms and Conditions of this Website might be changed from time to time and will be updated on this page. Changes to these terms and conditions ITCA may update these [&hellip;]<\/p>\n","protected":false},"author":38,"featured_media":0,"parent":0,"menu_order":0,"comment_status":"closed","ping_status":"closed","template":"","meta":{"footnotes":""},"class_list":["post-934","page","type-page","status-publish","hentry"],"_links":{"self":[{"href":"https:\/\/indigenoustourismamericas.org\/es\/wp-json\/wp\/v2\/pages\/934","targetHints":{"allow":["GET"]}}],"collection":[{"href":"https:\/\/indigenoustourismamericas.org\/es\/wp-json\/wp\/v2\/pages"}],"about":[{"href":"https:\/\/indigenoustourismamericas.org\/es\/wp-json\/wp\/v2\/types\/page"}],"author":[{"embeddable":true,"href":"https:\/\/indigenoustourismamericas.org\/es\/wp-json\/wp\/v2\/users\/38"}],"replies":[{"embeddable":true,"href":"https:\/\/indigenoustourismamericas.org\/es\/wp-json\/wp\/v2\/comments?post=934"}],"version-history":[{"count":18,"href":"https:\/\/indigenoustourismamericas.org\/es\/wp-json\/wp\/v2\/pages\/934\/revisions"}],"predecessor-version":[{"id":1635,"href":"https:\/\/indigenoustourismamericas.org\/es\/wp-json\/wp\/v2\/pages\/934\/revisions\/1635"}],"wp:attachment":[{"href":"https:\/\/indigenoustourismamericas.org\/es\/wp-json\/wp\/v2\/media?parent=934"}],"curies":[{"name":"wp","href":"https:\/\/api.w.org\/{rel}","templated":true}]}}